{"id":115,"date":"2018-11-25T18:32:59","date_gmt":"2018-11-25T17:32:59","guid":{"rendered":"https:\/\/fischer-messtechnik-2000.de\/?page_id=115"},"modified":"2019-11-26T21:37:57","modified_gmt":"2019-11-26T20:37:57","slug":"rauchwarnmelder-2","status":"publish","type":"page","link":"https:\/\/fischer-messtechnik-2000.de\/index.php\/rauchwarnmelder-2\/","title":{"rendered":"Rauchwarnmelder"},"content":{"rendered":"\t\t<div data-elementor-type=\"wp-post\" data-elementor-id=\"115\" class=\"elementor elementor-115\">\n\t\t\t\t\t\t<section class=\"elementor-section elementor-top-section elementor-element elementor-element-7deaa049 elementor-section-boxed elementor-section-height-default elementor-section-height-default\" data-id=\"7deaa049\" data-element_type=\"section\">\n\t\t\t\t\t\t<div class=\"elementor-container elementor-column-gap-default\">\n\t\t\t\t\t<div class=\"elementor-column elementor-col-100 elementor-top-column elementor-element elementor-element-164f815a\" data-id=\"164f815a\" data-element_type=\"column\">\n\t\t\t<div class=\"elementor-widget-wrap elementor-element-populated\">\n\t\t\t\t\t\t<div class=\"elementor-element elementor-element-30cf6997 elementor-widget elementor-widget-text-editor\" data-id=\"30cf6997\" data-element_type=\"widget\" data-widget_type=\"text-editor.default\">\n\t\t\t\t<div class=\"elementor-widget-container\">\n\t\t\t\t\t\t\t\t\t<span style=\"color: #000000;\"><strong><span style=\"font-family: arial, helvetica, sans-serif; font-size: 16pt;\">H\u00e4ufige Fragen zum Thema Rauchwarnmelder<\/span><\/strong><\/span>\t\t\t\t\t\t\t\t<\/div>\n\t\t\t\t<\/div>\n\t\t\t\t\t<\/div>\n\t\t<\/div>\n\t\t\t\t\t<\/div>\n\t\t<\/section>\n\t\t\t\t<section class=\"elementor-section elementor-top-section elementor-element elementor-element-3d8eb80 elementor-section-boxed elementor-section-height-default elementor-section-height-default\" data-id=\"3d8eb80\" data-element_type=\"section\">\n\t\t\t\t\t\t<div class=\"elementor-container elementor-column-gap-default\">\n\t\t\t\t\t<div class=\"elementor-column elementor-col-100 elementor-top-column elementor-element elementor-element-3515bce\" data-id=\"3515bce\" data-element_type=\"column\">\n\t\t\t<div class=\"elementor-widget-wrap elementor-element-populated\">\n\t\t\t\t\t\t<div class=\"elementor-element elementor-element-d208cb3 elementor-widget elementor-widget-toggle\" data-id=\"d208cb3\" data-element_type=\"widget\" data-widget_type=\"toggle.default\">\n\t\t\t\t<div class=\"elementor-widget-container\">\n\t\t\t\t\t\t\t<div class=\"elementor-toggle\">\n\t\t\t\t\t\t\t<div class=\"elementor-toggle-item\">\n\t\t\t\t\t<div id=\"elementor-tab-title-2201\" class=\"elementor-tab-title\" data-tab=\"1\" role=\"button\" aria-controls=\"elementor-tab-content-2201\" aria-expanded=\"false\">\n\t\t\t\t\t\t\t\t\t\t\t\t<span class=\"elementor-toggle-icon elementor-toggle-icon-left\" aria-hidden=\"true\">\n\t\t\t\t\t\t\t\t\t\t\t\t\t\t\t<span class=\"elementor-toggle-icon-closed\"><i class=\"fas fa-caret-right\"><\/i><\/span>\n\t\t\t\t\t\t\t\t<span class=\"elementor-toggle-icon-opened\"><i class=\"elementor-toggle-icon-opened fas fa-caret-up\"><\/i><\/span>\n\t\t\t\t\t\t\t\t\t\t\t\t\t<\/span>\n\t\t\t\t\t\t\t\t\t\t\t\t<a class=\"elementor-toggle-title\" tabindex=\"0\">Darf ich die Rauchwarnmelder in meiner Wohnung selbst montieren?<\/a>\n\t\t\t\t\t<\/div>\n\n\t\t\t\t\t<div id=\"elementor-tab-content-2201\" class=\"elementor-tab-content elementor-clearfix\" data-tab=\"1\" role=\"region\" aria-labelledby=\"elementor-tab-title-2201\"><p><span style=\"font-family: arial, helvetica, sans-serif; font-size: 14pt;\">Ja, das ist durchaus gestattet. Allerdings sollten die Rauchwarnmelder so montiert werden, dass sie den Vorgaben der DIN 14676 entsprechen. Fischer Messtechnik l\u00e4sst generell nur gepr\u00fcfte Fachkr\u00e4fte f\u00fcr Rauchwarnmelder die Montage der kleinen Lebensretter durchf\u00fchren. Bei der Selbstmontage sollte der Einbau sorgf\u00e4ltig dokumentiert werden.<\/span><\/p><\/div>\n\t\t\t\t<\/div>\n\t\t\t\t\t\t\t<div class=\"elementor-toggle-item\">\n\t\t\t\t\t<div id=\"elementor-tab-title-2202\" class=\"elementor-tab-title\" data-tab=\"2\" role=\"button\" aria-controls=\"elementor-tab-content-2202\" aria-expanded=\"false\">\n\t\t\t\t\t\t\t\t\t\t\t\t<span class=\"elementor-toggle-icon elementor-toggle-icon-left\" aria-hidden=\"true\">\n\t\t\t\t\t\t\t\t\t\t\t\t\t\t\t<span class=\"elementor-toggle-icon-closed\"><i class=\"fas fa-caret-right\"><\/i><\/span>\n\t\t\t\t\t\t\t\t<span class=\"elementor-toggle-icon-opened\"><i class=\"elementor-toggle-icon-opened fas fa-caret-up\"><\/i><\/span>\n\t\t\t\t\t\t\t\t\t\t\t\t\t<\/span>\n\t\t\t\t\t\t\t\t\t\t\t\t<a class=\"elementor-toggle-title\" tabindex=\"0\">Kann ich als Mieter den Einbau von Rauchwarnmeldern verlangen?<\/a>\n\t\t\t\t\t<\/div>\n\n\t\t\t\t\t<div id=\"elementor-tab-content-2202\" class=\"elementor-tab-content elementor-clearfix\" data-tab=\"2\" role=\"region\" aria-labelledby=\"elementor-tab-title-2202\"><p><span style=\"font-family: arial, helvetica, sans-serif; font-size: 14pt;\">M\u00f6chte ein verantwortungsbewusster Bewohner sofort Rauchwarnmelder in seiner Wohnung haben und nicht bis an das Ende einer \u00dcbergangsfrist in seinem Bundesland warten, muss der Bewohner die Melder im Zweifelsfall selber besorgen und montieren (lassen). Es gibt noch kein eindeutiges Gerichtsurteil hierzu. In einem Fall, in dem ein Mieter den Zutritt zu seiner Wohnung kurz vor dem Ende der \u00dcbergangsfrist in Rheinland-Pfalz verwehrt hat, f\u00fchrt die Richterin in der Urteilsbegr\u00fcndung aus:<\/span><br \/><span style=\"font-family: arial, helvetica, sans-serif; font-size: 14pt;\">\u201c[\u2026] besteht hier die Besonderheit, dass es sich bei \u00a744 Abs. 8 Satz 2 LBauO um eine \u00dcbergangsvorschrift handelt. Der Antragsteller hatte zwar mithin seit 12.07.2007 Zeit, Rauchmelder in der vom Antragsgegner genutzten Wohnung einzubauen, Eine Rechtsverpflichtung, das Wohnungen mit Rauchmeldern ausgestattet werden m\u00fcssen, besteht jedoch erst seit Ablauf der \u00dcbergangsfrist. [\u2026]\u201d Landgericht Landau in der Pfalz, AZ: 3 T 139\/12, Beschluss vom 27.07.2012<\/span><br \/><span style=\"font-family: arial, helvetica, sans-serif; font-size: 14pt;\">Das impliziert, dass im Umkehrschluss ein Mieter auch vor dem Ende der \u00dcbergangsfrist keinen Rechtsanspruch auf die Ausstattung seiner gemieteten Wohnung mit Rauchwarnmeldern hat. Der Mieter ist hier in einer Zwickm\u00fchle, denn ein anderes Urteil (AG Hamburg-Blankenese, AZ: 531 C 341\/10, 16.02.2011) sagt aus, dass der Mieter die Dispositionsbefugnis des Vermieters akzeptieren muss und \u201cnicht durch vorauseilenden Gehorsam und Einbau eigener Ger\u00e4te letztlich in die Verwaltungspraxis des Vermieters eingreifen kann.\u201d Demnach muss der Mieter akzeptieren, dass der Vermieter \u201ceigene\u201d Rauchwarnmelder installieren l\u00e4sst \u2013 und das eben wann er will, solange es vor dem Ende der \u00dcbergangsfrist ist.<\/span><\/p><\/div>\n\t\t\t\t<\/div>\n\t\t\t\t\t\t\t<div class=\"elementor-toggle-item\">\n\t\t\t\t\t<div id=\"elementor-tab-title-2203\" class=\"elementor-tab-title\" data-tab=\"3\" role=\"button\" aria-controls=\"elementor-tab-content-2203\" aria-expanded=\"false\">\n\t\t\t\t\t\t\t\t\t\t\t\t<span class=\"elementor-toggle-icon elementor-toggle-icon-left\" aria-hidden=\"true\">\n\t\t\t\t\t\t\t\t\t\t\t\t\t\t\t<span class=\"elementor-toggle-icon-closed\"><i class=\"fas fa-caret-right\"><\/i><\/span>\n\t\t\t\t\t\t\t\t<span class=\"elementor-toggle-icon-opened\"><i class=\"elementor-toggle-icon-opened fas fa-caret-up\"><\/i><\/span>\n\t\t\t\t\t\t\t\t\t\t\t\t\t<\/span>\n\t\t\t\t\t\t\t\t\t\t\t\t<a class=\"elementor-toggle-title\" tabindex=\"0\">Was passiert, wenn trotz Pflicht kein Rauchmelder installiert ist?<\/a>\n\t\t\t\t\t<\/div>\n\n\t\t\t\t\t<div id=\"elementor-tab-content-2203\" class=\"elementor-tab-content elementor-clearfix\" data-tab=\"3\" role=\"region\" aria-labelledby=\"elementor-tab-title-2203\"><p><span style=\"font-family: arial, helvetica, sans-serif; font-size: 14pt;\">Es gibt weder in Deutschland noch in \u00d6sterreich Kontrollen oder Strafkataloge, es passiert also erst einmal nichts \u2013 solange es nicht brennt. Kommt es zu einem Brand mit Personenschaden, ermitteln die Beh\u00f6rden, ob die Rauchmelder ordnungsgem\u00e4\u00df installiert und funktionsbereit waren. Ist dies nicht der Fall, droht eine Anklage wegen fahrl\u00e4ssiger K\u00f6rperverletzung oder T\u00f6tung.<\/span><br \/><span style=\"font-family: arial, helvetica, sans-serif; font-size: 14pt;\">In der Regel hat ein Brandschaden bei fehlenden Rauchmeldern keine Auswirkung auf die Leistung der Geb\u00e4ude- und Hausratversicherung. Denn schlie\u00dflich k\u00f6nnen Rauchmelder den Brand nicht verhindern. Ihr Zweck ist allein Menschenleben zu retten und nicht den Brandschaden zu begrenzen. Allerdings sind die Regelungen von Versicherungsvertrag zu Versicherungsvertrag unterschiedlich.<\/span><\/p><\/div>\n\t\t\t\t<\/div>\n\t\t\t\t\t\t\t<div class=\"elementor-toggle-item\">\n\t\t\t\t\t<div id=\"elementor-tab-title-2204\" class=\"elementor-tab-title\" data-tab=\"4\" role=\"button\" aria-controls=\"elementor-tab-content-2204\" aria-expanded=\"false\">\n\t\t\t\t\t\t\t\t\t\t\t\t<span class=\"elementor-toggle-icon elementor-toggle-icon-left\" aria-hidden=\"true\">\n\t\t\t\t\t\t\t\t\t\t\t\t\t\t\t<span class=\"elementor-toggle-icon-closed\"><i class=\"fas fa-caret-right\"><\/i><\/span>\n\t\t\t\t\t\t\t\t<span class=\"elementor-toggle-icon-opened\"><i class=\"elementor-toggle-icon-opened fas fa-caret-up\"><\/i><\/span>\n\t\t\t\t\t\t\t\t\t\t\t\t\t<\/span>\n\t\t\t\t\t\t\t\t\t\t\t\t<a class=\"elementor-toggle-title\" tabindex=\"0\">Wie oft muss ein Rauchwarnmelder gewartete werden?<\/a>\n\t\t\t\t\t<\/div>\n\n\t\t\t\t\t<div id=\"elementor-tab-content-2204\" class=\"elementor-tab-content elementor-clearfix\" data-tab=\"4\" role=\"region\" aria-labelledby=\"elementor-tab-title-2204\"><p><span style=\"font-family: arial, helvetica, sans-serif; font-size: 14pt;\">Alle 12 +- 3 Monate. Wer f\u00fcr die ordnungsgerechte Wartung (und Dokumenation) verantwortlich ist, steht in den Landesbauordnungen der Bundesl\u00e4nder. Wir empfehlen die Wartung nur durch ausgebildete Fachkr\u00e4fte f\u00fcr Rauchwarnmelder durchf\u00fchren zu lassen.<\/span><\/p><\/div>\n\t\t\t\t<\/div>\n\t\t\t\t\t\t\t\t<\/div>\n\t\t\t\t\t\t<\/div>\n\t\t\t\t<\/div>\n\t\t\t\t\t<\/div>\n\t\t<\/div>\n\t\t\t\t\t<\/div>\n\t\t<\/section>\n\t\t\t\t<\/div>\n\t\t","protected":false},"excerpt":{"rendered":"<p>H\u00e4ufige Fragen zum Thema Rauchwarnmelder Darf ich die Rauchwarnmelder in meiner Wohnung selbst montieren? Ja, das ist durchaus gestattet. Allerdings sollten die Rauchwarnmelder so montiert werden, dass sie den Vorgaben der DIN 14676 entsprechen. Fischer Messtechnik l\u00e4sst generell nur gepr\u00fcfte Fachkr\u00e4fte f\u00fcr Rauchwarnmelder die Montage der kleinen Lebensretter durchf\u00fchren. Bei der Selbstmontage sollte der Einbau [&hellip;]<\/p>\n","protected":false},"author":1,"featured_media":0,"parent":0,"menu_order":0,"comment_status":"closed","ping_status":"closed","template":"","meta":{"ocean_post_layout":"full-width","ocean_both_sidebars_style":"","ocean_both_sidebars_content_width":0,"ocean_both_sidebars_sidebars_width":0,"ocean_sidebar":"0","ocean_second_sidebar":"0","ocean_disable_margins":"enable","ocean_add_body_class":"","ocean_shortcode_before_top_bar":"","ocean_shortcode_after_top_bar":"","ocean_shortcode_before_header":"","ocean_shortcode_after_header":"","ocean_has_shortcode":"","ocean_shortcode_after_title":"","ocean_shortcode_before_footer_widgets":"","ocean_shortcode_after_footer_widgets":"","ocean_shortcode_before_footer_bottom":"","ocean_shortcode_after_footer_bottom":"","ocean_display_top_bar":"default","ocean_display_header":"default","ocean_header_style":"","ocean_center_header_left_menu":"0","ocean_custom_header_template":"0","ocean_custom_logo":0,"ocean_custom_retina_logo":0,"ocean_custom_logo_max_width":0,"ocean_custom_logo_tablet_max_width":0,"ocean_custom_logo_mobile_max_width":0,"ocean_custom_logo_max_height":0,"ocean_custom_logo_tablet_max_height":0,"ocean_custom_logo_mobile_max_height":0,"ocean_header_custom_menu":"0","ocean_menu_typo_font_family":"0","ocean_menu_typo_font_subset":"","ocean_menu_typo_font_size":0,"ocean_menu_typo_font_size_tablet":0,"ocean_menu_typo_font_size_mobile":0,"ocean_menu_typo_font_size_unit":"px","ocean_menu_typo_font_weight":"","ocean_menu_typo_font_weight_tablet":"","ocean_menu_typo_font_weight_mobile":"","ocean_menu_typo_transform":"","ocean_menu_typo_transform_tablet":"","ocean_menu_typo_transform_mobile":"","ocean_menu_typo_line_height":0,"ocean_menu_typo_line_height_tablet":0,"ocean_menu_typo_line_height_mobile":0,"ocean_menu_typo_line_height_unit":"","ocean_menu_typo_spacing":0,"ocean_menu_typo_spacing_tablet":0,"ocean_menu_typo_spacing_mobile":0,"ocean_menu_typo_spacing_unit":"","ocean_menu_link_color":"","ocean_menu_link_color_hover":"","ocean_menu_link_color_active":"","ocean_menu_link_background":"","ocean_menu_link_hover_background":"","ocean_menu_link_active_background":"","ocean_menu_social_links_bg":"","ocean_menu_social_hover_links_bg":"","ocean_menu_social_links_color":"","ocean_menu_social_hover_links_color":"","ocean_disable_title":"default","ocean_disable_heading":"default","ocean_post_title":"","ocean_post_subheading":"","ocean_post_title_style":"","ocean_post_title_background_color":"","ocean_post_title_background":0,"ocean_post_title_bg_image_position":"","ocean_post_title_bg_image_attachment":"","ocean_post_title_bg_image_repeat":"","ocean_post_title_bg_image_size":"","ocean_post_title_height":0,"ocean_post_title_bg_overlay":0.5,"ocean_post_title_bg_overlay_color":"","ocean_disable_breadcrumbs":"default","ocean_breadcrumbs_color":"","ocean_breadcrumbs_separator_color":"","ocean_breadcrumbs_links_color":"","ocean_breadcrumbs_links_hover_color":"","ocean_display_footer_widgets":"default","ocean_display_footer_bottom":"default","ocean_custom_footer_template":"0","footnotes":""},"class_list":["post-115","page","type-page","status-publish","hentry","entry"],"_links":{"self":[{"href":"https:\/\/fischer-messtechnik-2000.de\/index.php\/wp-json\/wp\/v2\/pages\/115","targetHints":{"allow":["GET"]}}],"collection":[{"href":"https:\/\/fischer-messtechnik-2000.de\/index.php\/wp-json\/wp\/v2\/pages"}],"about":[{"href":"https:\/\/fischer-messtechnik-2000.de\/index.php\/wp-json\/wp\/v2\/types\/page"}],"author":[{"embeddable":true,"href":"https:\/\/fischer-messtechnik-2000.de\/index.php\/wp-json\/wp\/v2\/users\/1"}],"replies":[{"embeddable":true,"href":"https:\/\/fischer-messtechnik-2000.de\/index.php\/wp-json\/wp\/v2\/comments?post=115"}],"version-history":[{"count":8,"href":"https:\/\/fischer-messtechnik-2000.de\/index.php\/wp-json\/wp\/v2\/pages\/115\/revisions"}],"predecessor-version":[{"id":680,"href":"https:\/\/fischer-messtechnik-2000.de\/index.php\/wp-json\/wp\/v2\/pages\/115\/revisions\/680"}],"wp:attachment":[{"href":"https:\/\/fischer-messtechnik-2000.de\/index.php\/wp-json\/wp\/v2\/media?parent=115"}],"curies":[{"name":"wp","href":"https:\/\/api.w.org\/{rel}","templated":true}]}}