{"id":129,"date":"2018-11-25T18:39:07","date_gmt":"2018-11-25T17:39:07","guid":{"rendered":"https:\/\/fischer-messtechnik-2000.de\/?page_id=129"},"modified":"2019-10-21T23:21:46","modified_gmt":"2019-10-21T21:21:46","slug":"ablesung","status":"publish","type":"page","link":"https:\/\/fischer-messtechnik-2000.de\/index.php\/ablesung\/","title":{"rendered":"Ablesung"},"content":{"rendered":"\t\t<div data-elementor-type=\"wp-post\" data-elementor-id=\"129\" class=\"elementor elementor-129\">\n\t\t\t\t\t\t<section class=\"elementor-section elementor-top-section elementor-element elementor-element-14cf35c elementor-section-boxed elementor-section-height-default elementor-section-height-default\" data-id=\"14cf35c\" data-element_type=\"section\">\n\t\t\t\t\t\t<div class=\"elementor-container elementor-column-gap-default\">\n\t\t\t\t\t<div class=\"elementor-column elementor-col-100 elementor-top-column elementor-element elementor-element-0ef6787\" data-id=\"0ef6787\" data-element_type=\"column\">\n\t\t\t<div class=\"elementor-widget-wrap elementor-element-populated\">\n\t\t\t\t\t\t<div class=\"elementor-element elementor-element-414b288 elementor-widget elementor-widget-toggle\" data-id=\"414b288\" data-element_type=\"widget\" data-widget_type=\"toggle.default\">\n\t\t\t\t<div class=\"elementor-widget-container\">\n\t\t\t\t\t\t\t<div class=\"elementor-toggle\">\n\t\t\t\t\t\t\t<div class=\"elementor-toggle-item\">\n\t\t\t\t\t<div id=\"elementor-tab-title-6841\" class=\"elementor-tab-title\" data-tab=\"1\" role=\"button\" aria-controls=\"elementor-tab-content-6841\" aria-expanded=\"false\">\n\t\t\t\t\t\t\t\t\t\t\t\t<span class=\"elementor-toggle-icon elementor-toggle-icon-left\" aria-hidden=\"true\">\n\t\t\t\t\t\t\t\t\t\t\t\t\t\t\t<span class=\"elementor-toggle-icon-closed\"><i class=\"fas fa-caret-right\"><\/i><\/span>\n\t\t\t\t\t\t\t\t<span class=\"elementor-toggle-icon-opened\"><i class=\"elementor-toggle-icon-opened fas fa-caret-up\"><\/i><\/span>\n\t\t\t\t\t\t\t\t\t\t\t\t\t<\/span>\n\t\t\t\t\t\t\t\t\t\t\t\t<a class=\"elementor-toggle-title\" tabindex=\"0\">Kosten der Nachablesung<\/a>\n\t\t\t\t\t<\/div>\n\n\t\t\t\t\t<div id=\"elementor-tab-content-6841\" class=\"elementor-tab-content elementor-clearfix\" data-tab=\"1\" role=\"region\" aria-labelledby=\"elementor-tab-title-6841\"><p><span style=\"font-family: arial, helvetica, sans-serif; font-size: 14pt;\">Sofern der Nutzer es unterlie\u00df, dem Mitarbeiter der Abrechnungsfirma zur fraglichen Terminzeit Zugang zu seiner Wohnung zu verschaffen, f\u00e4llt dies nicht in den Verantwortungsbereich der Abrechnungsfirma. Ebenso verh\u00e4lt es sich mit dem zweiten Termin, welcher mittels Postkarte angek\u00fcndigt wurde. Dabei ist es unerheblich, da\u00df der Mieter sich zur Terminzeit im Urlaub befand. Das W\u00e4rmedienstunternehmen f\u00fchrt nachvollziehbar aus, da\u00df es ihm wegen der Vielzahl der betreuten Liegenschaften nicht m\u00f6glich ist, evtl. Urlaubszeiten der Nutzer bei der Ablesung der Heizkostenverteiler auszusparen. Dar\u00fcber hinaus ist eine ordnungsgem\u00e4\u00dfe Heizkostenabrechnung ohne Mitwirkungshandlung des entsprechenden Nutzers nicht m\u00f6glich. Wird diese Mitwirkungshandlung vom Nutzer nicht vorgenommen, obwohl er &#8211; wie im vorliegenden Fall &#8211; Gelegenheit hatte, von einem diesbez\u00fcglichen Termin Kenntnis zu erlangen, ist dies nicht von dem W\u00e4rmedienstunternehmen zu vertreten.<\/span><\/p><p><span style=\"font-family: arial, helvetica, sans-serif; font-size: 14pt;\">(AG Hagen, Urteil vom 22.6.1995, Az. 10 C 698\/94)<\/span><\/p><p><span style=\"font-family: arial, helvetica, sans-serif; font-size: 14pt;\">Die Kosten der Nachablesung sind Kosten, die nach \u00a7 7 Abs. 1 Heizkostenverordnung umlegbar sind. Es handelt sich hierbei um die Kosten der Erfassung des Verbrauchs. Da eine Nachablesung, bei der Mitarbeiter der Abrechnungsfirma das Mietobjekt gesondert aufsuchen m\u00fcssen, Kosten verursacht, bedarf keiner n\u00e4heren Begr\u00fcndung. Das Gericht erachtet auch die angesetzten Kosten von 20,00 \u20ac f\u00fcr nicht \u00fcbersetzt, da diese Kosten allenfalls Kosten f\u00fcr eine halbe Arbeitsstunde darstellen. Es erscheint auch angemessen, diese Kosten, die grunds\u00e4tzlich entstehen, nicht der Gemeinschaft der Verbraucher sondern der Partei aufzuerlegen, die sie verursacht hat. Insoweit sind die Kosten der Nachablesung mit den Kosten einer Zwischenablesung bei Mieterwechsel vergleichbar. F\u00fcr diese Kosten ist anerkannt, da\u00df die Kosten der Zwischenablesung zu Lasten desjenigen Mieters gehen, der sie durch seinen Auszug verursacht.<\/span><\/p><p><span style=\"font-family: arial, helvetica, sans-serif; font-size: 14pt;\">(AG Hamburg, Urteil vom 5.8.1997, AZ. 12 C 22\/97)<\/span><\/p><\/div>\n\t\t\t\t<\/div>\n\t\t\t\t\t\t\t\t<\/div>\n\t\t\t\t\t\t<\/div>\n\t\t\t\t<\/div>\n\t\t\t\t\t<\/div>\n\t\t<\/div>\n\t\t\t\t\t<\/div>\n\t\t<\/section>\n\t\t\t\t<\/div>\n\t\t","protected":false},"excerpt":{"rendered":"<p>Kosten der Nachablesung Sofern der Nutzer es unterlie\u00df, dem Mitarbeiter der Abrechnungsfirma zur fraglichen Terminzeit Zugang zu seiner Wohnung zu verschaffen, f\u00e4llt dies nicht in den Verantwortungsbereich der Abrechnungsfirma. Ebenso verh\u00e4lt es sich mit dem zweiten Termin, welcher mittels Postkarte angek\u00fcndigt wurde. Dabei ist es unerheblich, da\u00df der Mieter sich zur Terminzeit im Urlaub befand. [&hellip;]<\/p>\n","protected":false},"author":1,"featured_media":0,"parent":0,"menu_order":0,"comment_status":"closed","ping_status":"closed","template":"","meta":{"ocean_post_layout":"full-width","ocean_both_sidebars_style":"","ocean_both_sidebars_content_width":0,"ocean_both_sidebars_sidebars_width":0,"ocean_sidebar":"0","ocean_second_sidebar":"0","ocean_disable_margins":"enable","ocean_add_body_class":"","ocean_shortcode_before_top_bar":"","ocean_shortcode_after_top_bar":"","ocean_shortcode_before_header":"","ocean_shortcode_after_header":"","ocean_has_shortcode":"","ocean_shortcode_after_title":"","ocean_shortcode_before_footer_widgets":"","ocean_shortcode_after_footer_widgets":"","ocean_shortcode_before_footer_bottom":"","ocean_shortcode_after_footer_bottom":"","ocean_display_top_bar":"default","ocean_display_header":"default","ocean_header_style":"","ocean_center_header_left_menu":"0","ocean_custom_header_template":"0","ocean_custom_logo":0,"ocean_custom_retina_logo":0,"ocean_custom_logo_max_width":0,"ocean_custom_logo_tablet_max_width":0,"ocean_custom_logo_mobile_max_width":0,"ocean_custom_logo_max_height":0,"ocean_custom_logo_tablet_max_height":0,"ocean_custom_logo_mobile_max_height":0,"ocean_header_custom_menu":"0","ocean_menu_typo_font_family":"0","ocean_menu_typo_font_subset":"","ocean_menu_typo_font_size":0,"ocean_menu_typo_font_size_tablet":0,"ocean_menu_typo_font_size_mobile":0,"ocean_menu_typo_font_size_unit":"px","ocean_menu_typo_font_weight":"","ocean_menu_typo_font_weight_tablet":"","ocean_menu_typo_font_weight_mobile":"","ocean_menu_typo_transform":"","ocean_menu_typo_transform_tablet":"","ocean_menu_typo_transform_mobile":"","ocean_menu_typo_line_height":0,"ocean_menu_typo_line_height_tablet":0,"ocean_menu_typo_line_height_mobile":0,"ocean_menu_typo_line_height_unit":"","ocean_menu_typo_spacing":0,"ocean_menu_typo_spacing_tablet":0,"ocean_menu_typo_spacing_mobile":0,"ocean_menu_typo_spacing_unit":"","ocean_menu_link_color":"","ocean_menu_link_color_hover":"","ocean_menu_link_color_active":"","ocean_menu_link_background":"","ocean_menu_link_hover_background":"","ocean_menu_link_active_background":"","ocean_menu_social_links_bg":"","ocean_menu_social_hover_links_bg":"","ocean_menu_social_links_color":"","ocean_menu_social_hover_links_color":"","ocean_disable_title":"default","ocean_disable_heading":"default","ocean_post_title":"","ocean_post_subheading":"","ocean_post_title_style":"","ocean_post_title_background_color":"","ocean_post_title_background":0,"ocean_post_title_bg_image_position":"","ocean_post_title_bg_image_attachment":"","ocean_post_title_bg_image_repeat":"","ocean_post_title_bg_image_size":"","ocean_post_title_height":0,"ocean_post_title_bg_overlay":0.5,"ocean_post_title_bg_overlay_color":"","ocean_disable_breadcrumbs":"default","ocean_breadcrumbs_color":"","ocean_breadcrumbs_separator_color":"","ocean_breadcrumbs_links_color":"","ocean_breadcrumbs_links_hover_color":"","ocean_display_footer_widgets":"default","ocean_display_footer_bottom":"default","ocean_custom_footer_template":"0","footnotes":""},"class_list":["post-129","page","type-page","status-publish","hentry","entry"],"_links":{"self":[{"href":"https:\/\/fischer-messtechnik-2000.de\/index.php\/wp-json\/wp\/v2\/pages\/129","targetHints":{"allow":["GET"]}}],"collection":[{"href":"https:\/\/fischer-messtechnik-2000.de\/index.php\/wp-json\/wp\/v2\/pages"}],"about":[{"href":"https:\/\/fischer-messtechnik-2000.de\/index.php\/wp-json\/wp\/v2\/types\/page"}],"author":[{"embeddable":true,"href":"https:\/\/fischer-messtechnik-2000.de\/index.php\/wp-json\/wp\/v2\/users\/1"}],"replies":[{"embeddable":true,"href":"https:\/\/fischer-messtechnik-2000.de\/index.php\/wp-json\/wp\/v2\/comments?post=129"}],"version-history":[{"count":5,"href":"https:\/\/fischer-messtechnik-2000.de\/index.php\/wp-json\/wp\/v2\/pages\/129\/revisions"}],"predecessor-version":[{"id":527,"href":"https:\/\/fischer-messtechnik-2000.de\/index.php\/wp-json\/wp\/v2\/pages\/129\/revisions\/527"}],"wp:attachment":[{"href":"https:\/\/fischer-messtechnik-2000.de\/index.php\/wp-json\/wp\/v2\/media?parent=129"}],"curies":[{"name":"wp","href":"https:\/\/api.w.org\/{rel}","templated":true}]}}