{"id":291,"date":"2018-12-02T00:58:06","date_gmt":"2018-12-01T23:58:06","guid":{"rendered":"https:\/\/fischer-messtechnik-2000.de\/?page_id=291"},"modified":"2019-11-26T15:52:52","modified_gmt":"2019-11-26T14:52:52","slug":"aktuelles","status":"publish","type":"page","link":"https:\/\/fischer-messtechnik-2000.de\/index.php\/aktuelles\/","title":{"rendered":"Aktuelles"},"content":{"rendered":"\t\t<div data-elementor-type=\"wp-post\" data-elementor-id=\"291\" class=\"elementor elementor-291\">\n\t\t\t\t\t\t<section class=\"elementor-section elementor-top-section elementor-element elementor-element-9499946 elementor-section-boxed elementor-section-height-default elementor-section-height-default\" data-id=\"9499946\" data-element_type=\"section\">\n\t\t\t\t\t\t<div class=\"elementor-container elementor-column-gap-default\">\n\t\t\t\t\t<div class=\"elementor-column elementor-col-100 elementor-top-column elementor-element elementor-element-bdba367\" data-id=\"bdba367\" data-element_type=\"column\">\n\t\t\t<div class=\"elementor-widget-wrap elementor-element-populated\">\n\t\t\t\t\t\t<div class=\"elementor-element elementor-element-1ea0dc1 elementor-widget elementor-widget-toggle\" data-id=\"1ea0dc1\" data-element_type=\"widget\" data-widget_type=\"toggle.default\">\n\t\t\t\t<div class=\"elementor-widget-container\">\n\t\t\t\t\t\t\t<div class=\"elementor-toggle\">\n\t\t\t\t\t\t\t<div class=\"elementor-toggle-item\">\n\t\t\t\t\t<div id=\"elementor-tab-title-3211\" class=\"elementor-tab-title\" data-tab=\"1\" role=\"button\" aria-controls=\"elementor-tab-content-3211\" aria-expanded=\"false\">\n\t\t\t\t\t\t\t\t\t\t\t\t<span class=\"elementor-toggle-icon elementor-toggle-icon-left\" aria-hidden=\"true\">\n\t\t\t\t\t\t\t\t\t\t\t\t\t\t\t<span class=\"elementor-toggle-icon-closed\"><i class=\"fas fa-caret-right\"><\/i><\/span>\n\t\t\t\t\t\t\t\t<span class=\"elementor-toggle-icon-opened\"><i class=\"elementor-toggle-icon-opened fas fa-caret-up\"><\/i><\/span>\n\t\t\t\t\t\t\t\t\t\t\t\t\t<\/span>\n\t\t\t\t\t\t\t\t\t\t\t\t<a class=\"elementor-toggle-title\" tabindex=\"0\">Boilerw\u00e4rmez\u00e4hler<\/a>\n\t\t\t\t\t<\/div>\n\n\t\t\t\t\t<div id=\"elementor-tab-content-3211\" class=\"elementor-tab-content elementor-clearfix\" data-tab=\"1\" role=\"region\" aria-labelledby=\"elementor-tab-title-3211\"><p><span style=\"font-family: arial, helvetica, sans-serif; font-size: 14pt;\">W\u00e4rmez\u00e4hler f\u00fcr die Warmwasserbereitung<\/span><\/p><p><span style=\"font-family: arial, helvetica, sans-serif; font-size: 14pt;\">Pflicht seit 2014 nach \u00a7 9 Absatz 2 Heizkostenverordnung<\/span><\/p><p><span style=\"font-family: arial, helvetica, sans-serif; font-size: 14pt;\">nach der aktuellen Fassung der Heizkostenverordnung &#8211; seit dem 1. Januar 2009 in Kraft- muss die auf die zentrale Warmwasserversorgungsanlage anfallende W\u00e4rmemenge f\u00fcr bestehende Heizanlagen seit dem 31.12.2013 mit einem W\u00e4rmez\u00e4hler gemessen werden.<\/span><\/p><p><span style=\"font-family: arial, helvetica, sans-serif; font-size: 14pt;\">Diese Regelung in \u00a7 9 Absatz 2 der Heizkostenverordnung soll eine genauere Aufteilung zwischen der Energie f\u00fcr die Raumw\u00e4rme und der Energie, die f\u00fcr die Trinkwassererw\u00e4rmung aufgebracht werden muss, bewirken.\u00a0<\/span><\/p><p><span style=\"font-family: arial, helvetica, sans-serif; font-size: 14pt;\">Erh\u00f6hte Bauvorschriften, Sparma\u00dfnahmen und energetische Sanierungen reduzieren seit Jahren den Raumw\u00e4rmebedarf w\u00e4hrend der Warmwasserverbrauch relativ konstant bleibt und damit prozentual w\u00e4chst.<\/span><\/p><p><span style=\"font-family: arial, helvetica, sans-serif; font-size: 14pt;\">Die in der Heizkostenverordnung unter \u00a7 9 Absatz 2 angef\u00fchrten rechnerischen Ersatzverfahren \u00fcber die gemessene Warmwassermenge mit Wasserz\u00e4hler oder \u00fcber die Fl\u00e4chenpauschale d\u00fcrfen seit dem 31.12.2013 nur noch in Ausnahmef\u00e4llen bei unzumutbar hohem Aufwand verwendet werden.<\/span><\/p><p><span style=\"font-family: arial, helvetica, sans-serif; font-size: 14pt;\">Den erforderlichen Montageaufwand kann Ihnen Ihr Hausinstallateur nennen, er kennt die \u00d6rtlichkeiten am besten.<\/span><\/p><p><span style=\"font-family: arial, helvetica, sans-serif; font-size: 14pt;\">Gerne beraten wir Sie oder Ihren Hausinstallateur bei der Ger\u00e4teauswahl und bei komplexen Einbausituationen.<\/span><\/p><\/div>\n\t\t\t\t<\/div>\n\t\t\t\t\t\t\t<div class=\"elementor-toggle-item\">\n\t\t\t\t\t<div id=\"elementor-tab-title-3212\" class=\"elementor-tab-title\" data-tab=\"2\" role=\"button\" aria-controls=\"elementor-tab-content-3212\" aria-expanded=\"false\">\n\t\t\t\t\t\t\t\t\t\t\t\t<span class=\"elementor-toggle-icon elementor-toggle-icon-left\" aria-hidden=\"true\">\n\t\t\t\t\t\t\t\t\t\t\t\t\t\t\t<span class=\"elementor-toggle-icon-closed\"><i class=\"fas fa-caret-right\"><\/i><\/span>\n\t\t\t\t\t\t\t\t<span class=\"elementor-toggle-icon-opened\"><i class=\"elementor-toggle-icon-opened fas fa-caret-up\"><\/i><\/span>\n\t\t\t\t\t\t\t\t\t\t\t\t\t<\/span>\n\t\t\t\t\t\t\t\t\t\t\t\t<a class=\"elementor-toggle-title\" tabindex=\"0\">Rauchwarnmelder<\/a>\n\t\t\t\t\t<\/div>\n\n\t\t\t\t\t<div id=\"elementor-tab-content-3212\" class=\"elementor-tab-content elementor-clearfix\" data-tab=\"2\" role=\"region\" aria-labelledby=\"elementor-tab-title-3212\"><p><span style=\"font-family: arial, helvetica, sans-serif; font-size: 14pt;\">In vielen Bundesl\u00e4ndern besteht aktuell schon eine Rauchmelderpflicht in Neu-, Um- als auch Bestandsbauten, in Zukunft werden Rauchwarnmelder wohl in allen Bundesl\u00e4ndern vorgeschrieben sein. Gem\u00e4\u00df DIN 14676 m\u00fcssen mindestens das Schlaf- und Kinderzimmer sowie der Flurbereich ausgestattet werden. Die optimale Ausr\u00fcstung beinhaltet zudem noch das Wohnzimmer und Arbeitszimmer. Die Rauchmelder werden grunds\u00e4tzlich an der Raumdecke befestigt und m\u00fcssen laut DIN 14676 m\u00f6glichst zur Raummitte angebracht werden.<\/span><\/p><p><span style=\"font-family: arial, helvetica, sans-serif; font-size: 14pt;\"><strong>\u00dcbersicht Wohnraumschutz<br \/><\/strong><\/span><span style=\"font-family: arial, helvetica, sans-serif; font-size: 14pt;\">Der gesetzlich vorgeschriebene Mindestschutz:<\/span><\/p><ul><li><span style=\"font-family: arial, helvetica, sans-serif; font-size: 14pt;\">Schlafzimmer<\/span><\/li><li><span style=\"font-family: arial, helvetica, sans-serif; font-size: 14pt;\">Kinderzimmer<\/span><\/li><li><span style=\"font-family: arial, helvetica, sans-serif; font-size: 14pt;\">Flure \u00fcber die Rettungswege f\u00fchren<\/span><\/li><\/ul><p><span style=\"font-family: arial, helvetica, sans-serif; font-size: 14pt;\">\u00a0Erweiterter von uns empfohlener Schutz:<\/span><\/p><ul><li><span style=\"font-family: arial, helvetica, sans-serif; font-size: 14pt;\">Wohn- und Arbeitsr\u00e4ume<\/span><\/li><li><span style=\"font-family: arial, helvetica, sans-serif; font-size: 14pt;\">K\u00fcche (Hitzemelder)<\/span><\/li><li><span style=\"font-family: arial, helvetica, sans-serif; font-size: 14pt;\">Kaminzimmer (CO2 Melder)<\/span><\/li><li><span style=\"font-family: arial, helvetica, sans-serif; font-size: 14pt;\">Treppenhaus<\/span><\/li><li><span style=\"font-family: arial, helvetica, sans-serif; font-size: 14pt;\">Kellerflur<\/span><\/li><\/ul><p><span style=\"font-family: arial, helvetica, sans-serif; font-size: 14pt;\">Hekatron Plus &#8211; zuverl\u00e4ssiger Rauchwarnmelder 10 Jahre Lebensdauer ohne Batteriewechsel<\/span><\/p><\/div>\n\t\t\t\t<\/div>\n\t\t\t\t\t\t\t<div class=\"elementor-toggle-item\">\n\t\t\t\t\t<div id=\"elementor-tab-title-3213\" class=\"elementor-tab-title\" data-tab=\"3\" role=\"button\" aria-controls=\"elementor-tab-content-3213\" aria-expanded=\"false\">\n\t\t\t\t\t\t\t\t\t\t\t\t<span class=\"elementor-toggle-icon elementor-toggle-icon-left\" aria-hidden=\"true\">\n\t\t\t\t\t\t\t\t\t\t\t\t\t\t\t<span class=\"elementor-toggle-icon-closed\"><i class=\"fas fa-caret-right\"><\/i><\/span>\n\t\t\t\t\t\t\t\t<span class=\"elementor-toggle-icon-opened\"><i class=\"elementor-toggle-icon-opened fas fa-caret-up\"><\/i><\/span>\n\t\t\t\t\t\t\t\t\t\t\t\t\t<\/span>\n\t\t\t\t\t\t\t\t\t\t\t\t<a class=\"elementor-toggle-title\" tabindex=\"0\">Kohlenmonoxidmelder<\/a>\n\t\t\t\t\t<\/div>\n\n\t\t\t\t\t<div id=\"elementor-tab-content-3213\" class=\"elementor-tab-content elementor-clearfix\" data-tab=\"3\" role=\"region\" aria-labelledby=\"elementor-tab-title-3213\"><p><span style=\"font-family: arial, helvetica, sans-serif; font-size: 14pt;\">Warnung vor der t\u00f6dlichen Gefahr<br \/><\/span><span style=\"font-family: arial, helvetica, sans-serif; font-size: 14pt;\">Im sicherheitsbewussten Deutschland wird die Gefahr, die von Kohlenmonoxid ausgeht, immer noch untersch\u00e4tzt. Die Medien berichten zwar regelm\u00e4\u00dfig \u00fcber Vergiftungs- und Todesf\u00e4lle, aber es gibt keine verl\u00e4sslichen Statistiken \u00fcber Anzahl und Ursachen von Kohlenmonoxidvergiftungen. Kohlenmonoxidmelder sind nahezu unbekannt.<\/span><\/p><p><span style=\"font-family: arial, helvetica, sans-serif; font-size: 14pt;\">Aber das Thema gewinnt an Bedeutung. Deshalb m\u00f6chten wir Sie auf dieser Seite auch \u00fcber die Gefahren von Kohlenmonoxid und \u00fcber den Nutzen von Kohlenmonoxidwarnmeldern informieren.<\/span><\/p><\/div>\n\t\t\t\t<\/div>\n\t\t\t\t\t\t\t\t<\/div>\n\t\t\t\t\t\t<\/div>\n\t\t\t\t<\/div>\n\t\t\t\t\t<\/div>\n\t\t<\/div>\n\t\t\t\t\t<\/div>\n\t\t<\/section>\n\t\t\t\t<\/div>\n\t\t","protected":false},"excerpt":{"rendered":"<p>Boilerw\u00e4rmez\u00e4hler W\u00e4rmez\u00e4hler f\u00fcr die Warmwasserbereitung Pflicht seit 2014 nach \u00a7 9 Absatz 2 Heizkostenverordnung nach der aktuellen Fassung der Heizkostenverordnung &#8211; seit dem 1. Januar 2009 in Kraft- muss die auf die zentrale Warmwasserversorgungsanlage anfallende W\u00e4rmemenge f\u00fcr bestehende Heizanlagen seit dem 31.12.2013 mit einem W\u00e4rmez\u00e4hler gemessen werden. Diese Regelung in \u00a7 9 Absatz 2 der [&hellip;]<\/p>\n","protected":false},"author":1,"featured_media":0,"parent":0,"menu_order":0,"comment_status":"closed","ping_status":"closed","template":"","meta":{"ocean_post_layout":"full-width","ocean_both_sidebars_style":"","ocean_both_sidebars_content_width":0,"ocean_both_sidebars_sidebars_width":0,"ocean_sidebar":"0","ocean_second_sidebar":"0","ocean_disable_margins":"enable","ocean_add_body_class":"","ocean_shortcode_before_top_bar":"","ocean_shortcode_after_top_bar":"","ocean_shortcode_before_header":"","ocean_shortcode_after_header":"","ocean_has_shortcode":"","ocean_shortcode_after_title":"","ocean_shortcode_before_footer_widgets":"","ocean_shortcode_after_footer_widgets":"","ocean_shortcode_before_footer_bottom":"","ocean_shortcode_after_footer_bottom":"","ocean_display_top_bar":"default","ocean_display_header":"default","ocean_header_style":"","ocean_center_header_left_menu":"0","ocean_custom_header_template":"0","ocean_custom_logo":0,"ocean_custom_retina_logo":0,"ocean_custom_logo_max_width":0,"ocean_custom_logo_tablet_max_width":0,"ocean_custom_logo_mobile_max_width":0,"ocean_custom_logo_max_height":0,"ocean_custom_logo_tablet_max_height":0,"ocean_custom_logo_mobile_max_height":0,"ocean_header_custom_menu":"0","ocean_menu_typo_font_family":"0","ocean_menu_typo_font_subset":"","ocean_menu_typo_font_size":0,"ocean_menu_typo_font_size_tablet":0,"ocean_menu_typo_font_size_mobile":0,"ocean_menu_typo_font_size_unit":"px","ocean_menu_typo_font_weight":"","ocean_menu_typo_font_weight_tablet":"","ocean_menu_typo_font_weight_mobile":"","ocean_menu_typo_transform":"","ocean_menu_typo_transform_tablet":"","ocean_menu_typo_transform_mobile":"","ocean_menu_typo_line_height":0,"ocean_menu_typo_line_height_tablet":0,"ocean_menu_typo_line_height_mobile":0,"ocean_menu_typo_line_height_unit":"","ocean_menu_typo_spacing":0,"ocean_menu_typo_spacing_tablet":0,"ocean_menu_typo_spacing_mobile":0,"ocean_menu_typo_spacing_unit":"","ocean_menu_link_color":"","ocean_menu_link_color_hover":"","ocean_menu_link_color_active":"","ocean_menu_link_background":"","ocean_menu_link_hover_background":"","ocean_menu_link_active_background":"","ocean_menu_social_links_bg":"","ocean_menu_social_hover_links_bg":"","ocean_menu_social_links_color":"","ocean_menu_social_hover_links_color":"","ocean_disable_title":"default","ocean_disable_heading":"default","ocean_post_title":"","ocean_post_subheading":"","ocean_post_title_style":"","ocean_post_title_background_color":"","ocean_post_title_background":0,"ocean_post_title_bg_image_position":"","ocean_post_title_bg_image_attachment":"","ocean_post_title_bg_image_repeat":"","ocean_post_title_bg_image_size":"","ocean_post_title_height":0,"ocean_post_title_bg_overlay":0.5,"ocean_post_title_bg_overlay_color":"","ocean_disable_breadcrumbs":"default","ocean_breadcrumbs_color":"","ocean_breadcrumbs_separator_color":"","ocean_breadcrumbs_links_color":"","ocean_breadcrumbs_links_hover_color":"","ocean_display_footer_widgets":"default","ocean_display_footer_bottom":"default","ocean_custom_footer_template":"0","footnotes":""},"class_list":["post-291","page","type-page","status-publish","hentry","entry"],"_links":{"self":[{"href":"https:\/\/fischer-messtechnik-2000.de\/index.php\/wp-json\/wp\/v2\/pages\/291","targetHints":{"allow":["GET"]}}],"collection":[{"href":"https:\/\/fischer-messtechnik-2000.de\/index.php\/wp-json\/wp\/v2\/pages"}],"about":[{"href":"https:\/\/fischer-messtechnik-2000.de\/index.php\/wp-json\/wp\/v2\/types\/page"}],"author":[{"embeddable":true,"href":"https:\/\/fischer-messtechnik-2000.de\/index.php\/wp-json\/wp\/v2\/users\/1"}],"replies":[{"embeddable":true,"href":"https:\/\/fischer-messtechnik-2000.de\/index.php\/wp-json\/wp\/v2\/comments?post=291"}],"version-history":[{"count":9,"href":"https:\/\/fischer-messtechnik-2000.de\/index.php\/wp-json\/wp\/v2\/pages\/291\/revisions"}],"predecessor-version":[{"id":673,"href":"https:\/\/fischer-messtechnik-2000.de\/index.php\/wp-json\/wp\/v2\/pages\/291\/revisions\/673"}],"wp:attachment":[{"href":"https:\/\/fischer-messtechnik-2000.de\/index.php\/wp-json\/wp\/v2\/media?parent=291"}],"curies":[{"name":"wp","href":"https:\/\/api.w.org\/{rel}","templated":true}]}}