{"id":38,"date":"2018-11-24T13:32:33","date_gmt":"2018-11-24T12:32:33","guid":{"rendered":"https:\/\/fischer-messtechnik-2000.de\/?page_id=38"},"modified":"2019-11-26T14:49:06","modified_gmt":"2019-11-26T13:49:06","slug":"hausnebenkostenabrechnung","status":"publish","type":"page","link":"https:\/\/fischer-messtechnik-2000.de\/index.php\/hausnebenkostenabrechnung\/","title":{"rendered":"Hausnebenkostenabrechnung"},"content":{"rendered":"<p><strong><img decoding=\"async\" class=\"alignleft\" src=\"https:\/\/fischer-messtechnik-2000.de\/wp-content\/uploads\/2018\/11\/hausnebenkostenabrechnung-1.jpg\" alt=\"\" width=\"229\" height=\"152\" \/><span style=\"font-family: arial, helvetica, sans-serif; font-size: 16pt; color: #000000;\">Hausnebenkostenabrechnung<\/span><\/strong><\/p>\n<p><span style=\"font-family: arial, helvetica, sans-serif; font-size: 14pt; color: #000000;\">Schnell und bequem: Auf Wunsch erstellen wir Ihre komplette Betriebskostenabrechnung. Dazu z\u00e4hlt neben der Heizkosten- auch die Nebenkostenabrechnung. Sie dient der Umlage aller Betriebskosten, mit Ausnahme der Heiz-, Kaltwasser- und Abwasserkosten. Wir k\u00f6nnen die Hausnebenkosten nach unterschiedlichen Umlageschl\u00fcsseln umlegen. Gesonderte Absprachen mit einzelnen Mietern k\u00f6nnen problemlos ber\u00fccksichtigt werden. Wenn nicht anders vereinbart, gilt nach der Betriebskostenverordnung die Wohnfl\u00e4che als automatischer Umlageschl\u00fcssel. \u00dcbermitteln Sie uns daf\u00fcr einfach die Kosten f\u00fcr M\u00fcllabfuhr, Hausmeisterservice, Gartenpflege, Versicherungen usw.<\/span><\/p>\n<p><span style=\"font-family: arial, helvetica, sans-serif; font-size: 14pt; color: #000000;\">Der Verteilerschl\u00fcssel, nach dem die jeweiligen Kostenanteile der Wohnungsnutzer ermittelt werden, kann von der Hausverwaltung vorgegeben werden. Hier stehen die M\u00f6glichkeiten offen. G\u00e4ngige Verteilerschl\u00fcssel sind:<\/span><\/p>\n<p><span style=\"font-family: arial, helvetica, sans-serif; font-size: 14pt; color: #000000;\">\u2013 Personenzahl (z<\/span><span style=\"font-family: arial, helvetica, sans-serif; font-size: 14pt; color: #000000;\">.B. fur M\u00fcllgeb\u00fchren)<\/span><br \/>\n<span style=\"font-family: arial, helvetica, sans-serif; font-size: 14pt; color: #000000;\">\u2013 m\u00b2 Wohnfl\u00e4che (z.B. f\u00fcr Grundsteuern)<\/span><br \/>\n<span style=\"font-family: arial, helvetica, sans-serif; font-size: 14pt; color: #000000;\">\u2013 Wohneinheiten (z.B. f\u00fcr Kabelgeb\u00fchren)<\/span><br \/>\n<span style=\"font-family: arial, helvetica, sans-serif; font-size: 14pt; color: #000000;\">\u2013 m\u00b3 Wasserz\u00e4hler (z.B. Kaltwasser- und Kanalkosten)<\/span><\/p>\n<p><span style=\"font-family: arial, helvetica, sans-serif; font-size: 14pt; color: #000000;\">Eine Definition von Betriebskosten finden Sie in der seit dem Jahr 2003 g\u00fcltigen <span style=\"text-decoration: underline;\"><span style=\"color: #0000ff;\"><a style=\"color: #0000ff; text-decoration: underline;\" href=\"https:\/\/fischer-messtechnik-2000.de\/wp-content\/uploads\/2018\/11\/Betriebskostenverordnung.pdf\">Betriebskostenverordnung<\/a><\/span><\/span><\/span><\/p>\n<p><span style=\"font-family: arial, helvetica, sans-serif; font-size: 16pt; color: #000000;\"><strong>Ausweis haushaltsnaher Dienstleistungen<\/strong><\/span><\/p>\n<p><span style=\"font-family: arial, helvetica, sans-serif; font-size: 14pt; color: #000000;\"><img decoding=\"async\" class=\"alignleft\" style=\"font-variant-ligatures: normal; font-variant-caps: normal; font-style: normal; font-weight: 400;\" src=\"https:\/\/fischer-messtechnik-2000.de\/wp-content\/uploads\/2018\/11\/Auswei%C3%9F-haushaltsnaher-Dienstleistungen.jpg\" alt=\"\" width=\"200\" height=\"149\" \/><\/span><\/p>\n<p><span style=\"font-family: arial, helvetica, sans-serif; font-size: 14pt; color: #000000;\">Sichern Sie sich jetzt Steuervorteile f\u00fcr sich und Ihre Mieter: Seit\u00a0<\/span><span style=\"font-family: arial, helvetica, sans-serif; font-size: 14pt; color: #000000;\">2006 k\u00f6nnen haushaltsnahe Dienstleistungen nach \u00a7 35 a EStG in der Einkommensteuererkl\u00e4rung geltend gemacht werden. Die Steuerverg\u00fcnstigungen k\u00f6nnen allerdings nur geltend gemacht werden, wenn die Arbeitskosten durch den Steuerzahler nachgewiesen werden. Wir nehmen auf Wunsch gerne den ben\u00f6tigten Ausweis in Ihrer Abrechnung vor. Ihnen bleibt so zus\u00e4tzlicher Mehraufwand erspart.<\/span><\/p>\n","protected":false},"excerpt":{"rendered":"<p>Hausnebenkostenabrechnung Schnell und bequem: Auf Wunsch erstellen wir Ihre komplette Betriebskostenabrechnung. Dazu z\u00e4hlt neben der Heizkosten- auch die Nebenkostenabrechnung. Sie dient der Umlage aller Betriebskosten, mit Ausnahme der Heiz-, Kaltwasser- und Abwasserkosten. Wir k\u00f6nnen die Hausnebenkosten nach unterschiedlichen Umlageschl\u00fcsseln umlegen. Gesonderte Absprachen mit einzelnen Mietern k\u00f6nnen problemlos ber\u00fccksichtigt werden. Wenn nicht anders vereinbart, gilt nach [&hellip;]<\/p>\n","protected":false},"author":1,"featured_media":0,"parent":0,"menu_order":0,"comment_status":"closed","ping_status":"closed","template":"","meta":{"ocean_post_layout":"full-width","ocean_both_sidebars_style":"","ocean_both_sidebars_content_width":0,"ocean_both_sidebars_sidebars_width":0,"ocean_sidebar":"0","ocean_second_sidebar":"0","ocean_disable_margins":"enable","ocean_add_body_class":"","ocean_shortcode_before_top_bar":"","ocean_shortcode_after_top_bar":"","ocean_shortcode_before_header":"","ocean_shortcode_after_header":"","ocean_has_shortcode":"","ocean_shortcode_after_title":"","ocean_shortcode_before_footer_widgets":"","ocean_shortcode_after_footer_widgets":"","ocean_shortcode_before_footer_bottom":"","ocean_shortcode_after_footer_bottom":"","ocean_display_top_bar":"default","ocean_display_header":"default","ocean_header_style":"","ocean_center_header_left_menu":"0","ocean_custom_header_template":"0","ocean_custom_logo":0,"ocean_custom_retina_logo":0,"ocean_custom_logo_max_width":0,"ocean_custom_logo_tablet_max_width":0,"ocean_custom_logo_mobile_max_width":0,"ocean_custom_logo_max_height":0,"ocean_custom_logo_tablet_max_height":0,"ocean_custom_logo_mobile_max_height":0,"ocean_header_custom_menu":"0","ocean_menu_typo_font_family":"0","ocean_menu_typo_font_subset":"","ocean_menu_typo_font_size":0,"ocean_menu_typo_font_size_tablet":0,"ocean_menu_typo_font_size_mobile":0,"ocean_menu_typo_font_size_unit":"px","ocean_menu_typo_font_weight":"","ocean_menu_typo_font_weight_tablet":"","ocean_menu_typo_font_weight_mobile":"","ocean_menu_typo_transform":"","ocean_menu_typo_transform_tablet":"","ocean_menu_typo_transform_mobile":"","ocean_menu_typo_line_height":0,"ocean_menu_typo_line_height_tablet":0,"ocean_menu_typo_line_height_mobile":0,"ocean_menu_typo_line_height_unit":"","ocean_menu_typo_spacing":0,"ocean_menu_typo_spacing_tablet":0,"ocean_menu_typo_spacing_mobile":0,"ocean_menu_typo_spacing_unit":"","ocean_menu_link_color":"","ocean_menu_link_color_hover":"","ocean_menu_link_color_active":"","ocean_menu_link_background":"","ocean_menu_link_hover_background":"","ocean_menu_link_active_background":"","ocean_menu_social_links_bg":"","ocean_menu_social_hover_links_bg":"","ocean_menu_social_links_color":"","ocean_menu_social_hover_links_color":"","ocean_disable_title":"default","ocean_disable_heading":"default","ocean_post_title":"","ocean_post_subheading":"","ocean_post_title_style":"","ocean_post_title_background_color":"","ocean_post_title_background":0,"ocean_post_title_bg_image_position":"","ocean_post_title_bg_image_attachment":"","ocean_post_title_bg_image_repeat":"","ocean_post_title_bg_image_size":"","ocean_post_title_height":0,"ocean_post_title_bg_overlay":0.5,"ocean_post_title_bg_overlay_color":"","ocean_disable_breadcrumbs":"default","ocean_breadcrumbs_color":"","ocean_breadcrumbs_separator_color":"","ocean_breadcrumbs_links_color":"","ocean_breadcrumbs_links_hover_color":"","ocean_display_footer_widgets":"default","ocean_display_footer_bottom":"default","ocean_custom_footer_template":"0","footnotes":""},"class_list":["post-38","page","type-page","status-publish","hentry","entry"],"_links":{"self":[{"href":"https:\/\/fischer-messtechnik-2000.de\/index.php\/wp-json\/wp\/v2\/pages\/38","targetHints":{"allow":["GET"]}}],"collection":[{"href":"https:\/\/fischer-messtechnik-2000.de\/index.php\/wp-json\/wp\/v2\/pages"}],"about":[{"href":"https:\/\/fischer-messtechnik-2000.de\/index.php\/wp-json\/wp\/v2\/types\/page"}],"author":[{"embeddable":true,"href":"https:\/\/fischer-messtechnik-2000.de\/index.php\/wp-json\/wp\/v2\/users\/1"}],"replies":[{"embeddable":true,"href":"https:\/\/fischer-messtechnik-2000.de\/index.php\/wp-json\/wp\/v2\/comments?post=38"}],"version-history":[{"count":7,"href":"https:\/\/fischer-messtechnik-2000.de\/index.php\/wp-json\/wp\/v2\/pages\/38\/revisions"}],"predecessor-version":[{"id":660,"href":"https:\/\/fischer-messtechnik-2000.de\/index.php\/wp-json\/wp\/v2\/pages\/38\/revisions\/660"}],"wp:attachment":[{"href":"https:\/\/fischer-messtechnik-2000.de\/index.php\/wp-json\/wp\/v2\/media?parent=38"}],"curies":[{"name":"wp","href":"https:\/\/api.w.org\/{rel}","templated":true}]}}