{"id":93,"date":"2018-11-25T18:21:02","date_gmt":"2018-11-25T17:21:02","guid":{"rendered":"https:\/\/fischer-messtechnik-2000.de\/?page_id=93"},"modified":"2019-11-26T21:29:16","modified_gmt":"2019-11-26T20:29:16","slug":"heizkostenabrechnung-2","status":"publish","type":"page","link":"https:\/\/fischer-messtechnik-2000.de\/index.php\/heizkostenabrechnung-2\/","title":{"rendered":"Heizkostenabrechnung"},"content":{"rendered":"\t\t<div data-elementor-type=\"wp-post\" data-elementor-id=\"93\" class=\"elementor elementor-93\">\n\t\t\t\t\t\t<section class=\"elementor-section elementor-top-section elementor-element elementor-element-624efc21 elementor-section-boxed elementor-section-height-default elementor-section-height-default\" data-id=\"624efc21\" data-element_type=\"section\">\n\t\t\t\t\t\t<div class=\"elementor-container elementor-column-gap-default\">\n\t\t\t\t\t<div class=\"elementor-column elementor-col-100 elementor-top-column elementor-element elementor-element-554e4f60\" data-id=\"554e4f60\" data-element_type=\"column\">\n\t\t\t<div class=\"elementor-widget-wrap elementor-element-populated\">\n\t\t\t\t\t\t<div class=\"elementor-element elementor-element-7af8b00d elementor-widget elementor-widget-text-editor\" data-id=\"7af8b00d\" data-element_type=\"widget\" data-widget_type=\"text-editor.default\">\n\t\t\t\t<div class=\"elementor-widget-container\">\n\t\t\t\t\t\t\t\t\t<p><span style=\"color: #3366ff;\"><strong><span style=\"font-family: arial, helvetica, sans-serif; font-size: 16pt;\">Warum verbrauchsabh\u00e4ngig abrechnen?<br \/><\/span><\/strong><\/span><span style=\"font-family: arial, helvetica, sans-serif; font-size: 14pt; color: #000000;\">Bis zu 90 % der in den Haushalten verbrauchten Energie entfallen auf Heizung und Warmwasser. Bei steigenden Energiekosten hat dies einen gro\u00dfen Einfluss auf die Wohnkosten. Nach der <span style=\"color: #3366ff;\"><span style=\"text-decoration: underline;\"><a style=\"color: #3366ff; text-decoration: underline;\" href=\"https:\/\/fischer-messtechnik-2000.de\/index.php\/heizkostenverordnung\/\">Heizkostenverordnung<\/a><\/span>\u00a0<\/span>m\u00fcssen Heiz- und Warmwasserkosten nach dem \u201eVerursacherprinzip\u201c abgerechnet werden: Der Nutzer soll nur die Kosten\u00a0 bezahlen, die tats\u00e4chlich auf ihn entfallen. In den Wohnungen ermitteln Erfassungsger\u00e4te den Energieverbrauch. Sie sind die Basis f\u00fcr eine gerechte Verteilung und Abrechnung der Energiekosten. Die verbrauchsabh\u00e4ngige Abrechnung gibt Nutzern einen Anreiz zum Energiesparen, denn durch ihr individuelles Verhalten k\u00f6nnen Verbraucher ihren Energiekostenanteil senken. Dies tr\u00e4gt auch zum Umweltschutz bei. Studien belegen, dass Nutzer aufgrund der verbrauchsabh\u00e4ngigen Abrechnung bis zu 20 % des Energieverbrauches einsparen.<\/span><\/p><p><strong><span style=\"font-family: arial, helvetica, sans-serif; font-size: 16pt; color: #3366ff;\">Warum h\u00e4ngen zwei Heizkostenverteiler an einem Heizk\u00f6rper?<br \/><\/span><\/strong><span style=\"font-family: arial, helvetica, sans-serif; font-size: 14pt; color: #000000;\">Bei gr\u00f6\u00dferen Heizk\u00f6rpern kann es sein, dass wegen der ungleichen W\u00e4rmeverteilung zwei Heizkostenverteiler angebracht werden m\u00fcssen. Die Bewertung der Heizleistung des Heizk\u00f6rpers erfolgt in diesen F\u00e4llen f\u00fcr jeden Heizkostenverteiler jeweils zur H\u00e4lfte. Anfallende Heizkosten werden deshalb nicht zweimal bezahlt. Ziel der Ma\u00dfnahme ist die korrekte Erfassung der W\u00e4rmeabgabe<\/span><\/p>\t\t\t\t\t\t\t\t<\/div>\n\t\t\t\t<\/div>\n\t\t\t\t\t<\/div>\n\t\t<\/div>\n\t\t\t\t\t<\/div>\n\t\t<\/section>\n\t\t\t\t<section class=\"elementor-section elementor-top-section elementor-element elementor-element-7ff8b42 elementor-section-boxed elementor-section-height-default elementor-section-height-default\" data-id=\"7ff8b42\" data-element_type=\"section\">\n\t\t\t\t\t\t<div class=\"elementor-container elementor-column-gap-default\">\n\t\t\t\t\t<div class=\"elementor-column elementor-col-100 elementor-top-column elementor-element elementor-element-5debb7b\" data-id=\"5debb7b\" data-element_type=\"column\">\n\t\t\t<div class=\"elementor-widget-wrap elementor-element-populated\">\n\t\t\t\t\t\t<div class=\"elementor-element elementor-element-8116075 elementor-widget elementor-widget-toggle\" data-id=\"8116075\" data-element_type=\"widget\" data-widget_type=\"toggle.default\">\n\t\t\t\t<div class=\"elementor-widget-container\">\n\t\t\t\t\t\t\t<div class=\"elementor-toggle\">\n\t\t\t\t\t\t\t<div class=\"elementor-toggle-item\">\n\t\t\t\t\t<div id=\"elementor-tab-title-1351\" class=\"elementor-tab-title\" data-tab=\"1\" role=\"button\" aria-controls=\"elementor-tab-content-1351\" aria-expanded=\"false\">\n\t\t\t\t\t\t\t\t\t\t\t\t<span class=\"elementor-toggle-icon elementor-toggle-icon-left\" aria-hidden=\"true\">\n\t\t\t\t\t\t\t\t\t\t\t\t\t\t\t<span class=\"elementor-toggle-icon-closed\"><i class=\"fas fa-caret-right\"><\/i><\/span>\n\t\t\t\t\t\t\t\t<span class=\"elementor-toggle-icon-opened\"><i class=\"elementor-toggle-icon-opened fas fa-caret-up\"><\/i><\/span>\n\t\t\t\t\t\t\t\t\t\t\t\t\t<\/span>\n\t\t\t\t\t\t\t\t\t\t\t\t<a class=\"elementor-toggle-title\" tabindex=\"0\">Beispiel f\u00fcr eine einfache Mitteilung der Absicht, Heizkostenverteiler zu mieten:<\/a>\n\t\t\t\t\t<\/div>\n\n\t\t\t\t\t<div id=\"elementor-tab-content-1351\" class=\"elementor-tab-content elementor-clearfix\" data-tab=\"1\" role=\"region\" aria-labelledby=\"elementor-tab-title-1351\"><p><span style=\"font-family: arial, helvetica, sans-serif; font-size: 14pt;\">Guten Tag, sehr geehrte Mieterin, guten Tag, sehr geehrter Mieter,<\/span><\/p><p><span style=\"font-family: arial, helvetica, sans-serif; font-size: 14pt;\">die vorhandenen, installierten Heizkostenverteiler sollen demn\u00e4chst gegen neue, elektronische Heizkostenverteiler ausgetauscht werden. Ich beabsichtige, diese Ger\u00e4te zu mieten. Die Kosten betragen entsprechend dem Angebot der Firma Fischer insgesamt xxxx inklusive Mehrwertsteuer pro Jahr. Diese Mietkosten flie\u00dfen in die insgesamt zu verrechnenden Kosten ein und werden nach dem einzelnen individuellen Verbrauch abgerechnet. Der Mietvertrag l\u00e4uft \u00fcber einen Zeitraum von xxxx Jahren.<\/span><\/p><p><span style=\"font-family: arial, helvetica, sans-serif; font-size: 14pt;\">Mit freundlichen Gr\u00fc\u00dfen<\/span><\/p><p><span style=\"font-family: arial, helvetica, sans-serif; font-size: 14pt;\">Unterschrift<\/span><\/p><\/div>\n\t\t\t\t<\/div>\n\t\t\t\t\t\t\t<div class=\"elementor-toggle-item\">\n\t\t\t\t\t<div id=\"elementor-tab-title-1352\" class=\"elementor-tab-title\" data-tab=\"2\" role=\"button\" aria-controls=\"elementor-tab-content-1352\" aria-expanded=\"false\">\n\t\t\t\t\t\t\t\t\t\t\t\t<span class=\"elementor-toggle-icon elementor-toggle-icon-left\" aria-hidden=\"true\">\n\t\t\t\t\t\t\t\t\t\t\t\t\t\t\t<span class=\"elementor-toggle-icon-closed\"><i class=\"fas fa-caret-right\"><\/i><\/span>\n\t\t\t\t\t\t\t\t<span class=\"elementor-toggle-icon-opened\"><i class=\"elementor-toggle-icon-opened fas fa-caret-up\"><\/i><\/span>\n\t\t\t\t\t\t\t\t\t\t\t\t\t<\/span>\n\t\t\t\t\t\t\t\t\t\t\t\t<a class=\"elementor-toggle-title\" tabindex=\"0\">Wann ist eine Zwischenablesung sinnvoll oder erforderlich?<\/a>\n\t\t\t\t\t<\/div>\n\n\t\t\t\t\t<div id=\"elementor-tab-content-1352\" class=\"elementor-tab-content elementor-clearfix\" data-tab=\"2\" role=\"region\" aria-labelledby=\"elementor-tab-title-1352\"><p><span style=\"font-family: arial, helvetica, sans-serif; font-size: 14pt;\">Grunds\u00e4tzlich muss zwischen einer Zwischenablesung und einer Zwischenabrechnung unterschieden werden. Viele Eigent\u00fcmer und Nutzer sind der Meinung, dass eine Zwischenablesung bei einem Nutzerwechsel generell erforderlich, bzw. sinnvoll ist. Bei Wasserz\u00e4hlern, W\u00e4rmemengenz\u00e4hlern und elektronischen Heizkostenverteilern ist dies richtig.<\/span><\/p><p><span style=\"font-family: arial, helvetica, sans-serif; font-size: 14pt;\">Bei Heizkostenverteilern nach dem Verdunstungsprinzip muss jedoch differenziert werden. Zudem stellt sich die Frage, ob eine Zwischenablesung ausreicht, die St\u00e4nde also nur festgehalten werden sollen, oder ob auch eine Zwischenabrechnung erforderlich ist. Was hierbei zu beachten ist und wie Sie am Besten vorgehen, zeigt dieser Beitrag auf.<\/span><\/p><p><span style=\"font-family: arial, helvetica, sans-serif; font-size: 14pt;\">Von Bedeutung f\u00fcr Kostenaufteilung bei Nutzerwechsel ist die Heizkostenverordnung, \u00a7 9 b: \u00a7 9 b Kostenaufteilung bei Nutzerwechsel<\/span><\/p><p><span style=\"font-family: arial, helvetica, sans-serif; font-size: 14pt;\">(1) Bei Nutzerwechsel innerhalb eines Abrechnungszeitraums hat der Geb\u00e4udeeigent\u00fcmer eine Ablesung der Ausstattung zur Verbrauchserfassung der von Wechsel betroffenen R\u00e4ume (Zwischenablesung) vorzunehmen.<\/span><\/p><p><span style=\"font-family: arial, helvetica, sans-serif; font-size: 14pt;\">(2) Die nach dem erfassten Verbrauch zu verteilenden Kosten sind auf der Grundlage der Zwischenablesung, die \u00fcbrigen Kosten des W\u00e4rmeverbrauchs auf der Grundlage der sich aus anerkannten Regeln der Technik ergebenden Gradtagszahlen oder zeitanteilig und die \u00fcbrigen Kosten des Warmwasserverbrauchs zeitanteilig auf Vor- und Nachnutzer aufzuteilen.<\/span><\/p><p><span style=\"font-family: arial, helvetica, sans-serif; font-size: 14pt;\">(3) Ist eine Zwischenablesung nicht m\u00f6glich oder l\u00e4sst sie wegen des Zeitpunktes des Nutzerwechsels aus technischen Gr\u00fcnden keine hinreichend genaue Ermittlung der Verbrauchsanteile zu, sind die gesamten Kosten nach den nach Absatz 2 f\u00fcr die \u00fcbrigen Kosten geltenden Ma\u00dfst\u00e4ben aufzuteilen.<\/span><\/p><p><span style=\"font-family: arial, helvetica, sans-serif; font-size: 14pt;\">(4) Von den Abs\u00e4tzen 1 bis 3 abweichende rechtsgesch\u00e4ftliche Bestimmungen bleiben unber\u00fchrt.<\/span><\/p><\/div>\n\t\t\t\t<\/div>\n\t\t\t\t\t\t\t<div class=\"elementor-toggle-item\">\n\t\t\t\t\t<div id=\"elementor-tab-title-1353\" class=\"elementor-tab-title\" data-tab=\"3\" role=\"button\" aria-controls=\"elementor-tab-content-1353\" aria-expanded=\"false\">\n\t\t\t\t\t\t\t\t\t\t\t\t<span class=\"elementor-toggle-icon elementor-toggle-icon-left\" aria-hidden=\"true\">\n\t\t\t\t\t\t\t\t\t\t\t\t\t\t\t<span class=\"elementor-toggle-icon-closed\"><i class=\"fas fa-caret-right\"><\/i><\/span>\n\t\t\t\t\t\t\t\t<span class=\"elementor-toggle-icon-opened\"><i class=\"elementor-toggle-icon-opened fas fa-caret-up\"><\/i><\/span>\n\t\t\t\t\t\t\t\t\t\t\t\t\t<\/span>\n\t\t\t\t\t\t\t\t\t\t\t\t<a class=\"elementor-toggle-title\" tabindex=\"0\">Zwischenabrechnung bei Nutzerwechsel<\/a>\n\t\t\t\t\t<\/div>\n\n\t\t\t\t\t<div id=\"elementor-tab-content-1353\" class=\"elementor-tab-content elementor-clearfix\" data-tab=\"3\" role=\"region\" aria-labelledby=\"elementor-tab-title-1353\"><p><span style=\"font-family: arial, helvetica, sans-serif; font-size: 14pt;\">Die Heizkostenverordnung gibt zu dieser Frage keine Antwort, jedoch wurde sie von richterlicher Seite bereits mehrfach gekl\u00e4rt (z. B. AG D\u00fcsseldorf WM 1975, 207 und LG Hamburg, NJW-RR 1988, 907)<\/span><\/p><p><span style=\"font-family: arial, helvetica, sans-serif; font-size: 14pt;\">Laut dieser Urteile muss eine Zwischenabrechnung bei Nutzerwechsel w\u00e4hrend der Abrechnungsperiode nicht durchgef\u00fchrt werden.<\/span><\/p><p><span style=\"font-family: arial, helvetica, sans-serif; font-size: 14pt;\">Eine anders lautende Auslegung h\u00e4tte auch gravierende praktische Nachteile, denn wenn in einer gro\u00dfen Wohnanlage nur ein einziger Nutzer auszieht, m\u00fcsste, da die g\u00e4ngigsten Erfassungsger\u00e4te keine absolute Mengenangabe liefern, die gesamte Anlage abgelesen werden. Hier w\u00fcrde sich dann die Frage stellen, wer f\u00fcr diese Kosten aufkommen soll.<\/span><\/p><p><span style=\"font-family: arial, helvetica, sans-serif; font-size: 14pt;\">Etwas anderes kann also nur gelten, falls Sie im Mietvertrag etwas anderes vereinbart h\u00e4tten.<\/span><\/p><p><span style=\"font-family: arial, helvetica, sans-serif; font-size: 14pt;\">(\u00a7 9 b Abs. 4) Der Nutzer muss demnach bis zum Ende des Abrechnungszeitraums auf die Abrechnung und damit auf den Ausgleich der geleisteten Vorauszahlungen warten.<\/span><\/p><\/div>\n\t\t\t\t<\/div>\n\t\t\t\t\t\t\t<div class=\"elementor-toggle-item\">\n\t\t\t\t\t<div id=\"elementor-tab-title-1354\" class=\"elementor-tab-title\" data-tab=\"4\" role=\"button\" aria-controls=\"elementor-tab-content-1354\" aria-expanded=\"false\">\n\t\t\t\t\t\t\t\t\t\t\t\t<span class=\"elementor-toggle-icon elementor-toggle-icon-left\" aria-hidden=\"true\">\n\t\t\t\t\t\t\t\t\t\t\t\t\t\t\t<span class=\"elementor-toggle-icon-closed\"><i class=\"fas fa-caret-right\"><\/i><\/span>\n\t\t\t\t\t\t\t\t<span class=\"elementor-toggle-icon-opened\"><i class=\"elementor-toggle-icon-opened fas fa-caret-up\"><\/i><\/span>\n\t\t\t\t\t\t\t\t\t\t\t\t\t<\/span>\n\t\t\t\t\t\t\t\t\t\t\t\t<a class=\"elementor-toggle-title\" tabindex=\"0\">Zwischenablesung bei Nutzerwechsel<\/a>\n\t\t\t\t\t<\/div>\n\n\t\t\t\t\t<div id=\"elementor-tab-content-1354\" class=\"elementor-tab-content elementor-clearfix\" data-tab=\"4\" role=\"region\" aria-labelledby=\"elementor-tab-title-1354\"><p><span style=\"font-family: arial, helvetica, sans-serif; font-size: 14pt;\">Eine Zwischenablesung muss laut \u00a7 9 b Abs. 1 jedoch vorgenommen werden, um die nach dem erfassten Verbrauch zu verteilenden Kosten zwischen Vor- und Nachnutzer aufzuteilen. Die \u00fcbrigen Kosten des W\u00e4rmeverbrauchs sind auf der Grundlage der sich aus anerkannten Regeln der Technik ergebenden Gradtagszahlen oder zeitanteilig und die \u00fcbrigen Kosten des Warmwasserverbrauchs zeitanteilig auf Vor- und Nachnutzer aufzuteilen.<\/span><\/p><p><span style=\"font-family: arial, helvetica, sans-serif; font-size: 14pt;\">(\u00a7 9 b Abs. 2) Mit &#8222;Die \u00fcbrigen Kosten des W\u00e4rmeverbrauchs&#8220; sind die Kosten gemeint, die nicht konkret erfasst werden, also die Grundkosten.<\/span><\/p><p><span style=\"font-family: arial, helvetica, sans-serif; font-size: 14pt;\">Die Wahl, ob diese nach Gradtagszahlen oder zeitanteilig umgelegt werden, bleibt dem Vermieter \u00fcberlassen.<\/span><\/p><p><span style=\"font-family: arial, helvetica, sans-serif; font-size: 14pt;\">Nach unserer Erfahrung ist die Aufteilung der Verbrauchsunabh\u00e4ngigen W\u00e4rmekosten nach Gradtagszahlen jedoch wesentlich genauer und gerechter, da diese den unterschiedlichen Heizungsbedarf je nach Jahreszeit ber\u00fccksichtigt.<\/span><\/p><p><span style=\"font-family: arial, helvetica, sans-serif; font-size: 14pt;\">Anders ist es mit &#8222;den \u00fcbrigen Kosten des Warmwasserverbrauchs&#8220;, da diese nicht jahreszeitabh\u00e4ngig sind. Diese Kosten werden einfach nach Tagen abgerechnet.<\/span><\/p><\/div>\n\t\t\t\t<\/div>\n\t\t\t\t\t\t\t<div class=\"elementor-toggle-item\">\n\t\t\t\t\t<div id=\"elementor-tab-title-1355\" class=\"elementor-tab-title\" data-tab=\"5\" role=\"button\" aria-controls=\"elementor-tab-content-1355\" aria-expanded=\"false\">\n\t\t\t\t\t\t\t\t\t\t\t\t<span class=\"elementor-toggle-icon elementor-toggle-icon-left\" aria-hidden=\"true\">\n\t\t\t\t\t\t\t\t\t\t\t\t\t\t\t<span class=\"elementor-toggle-icon-closed\"><i class=\"fas fa-caret-right\"><\/i><\/span>\n\t\t\t\t\t\t\t\t<span class=\"elementor-toggle-icon-opened\"><i class=\"elementor-toggle-icon-opened fas fa-caret-up\"><\/i><\/span>\n\t\t\t\t\t\t\t\t\t\t\t\t\t<\/span>\n\t\t\t\t\t\t\t\t\t\t\t\t<a class=\"elementor-toggle-title\" tabindex=\"0\">Restbewertung bei \u00d6lanlagen<\/a>\n\t\t\t\t\t<\/div>\n\n\t\t\t\t\t<div id=\"elementor-tab-content-1355\" class=\"elementor-tab-content elementor-clearfix\" data-tab=\"5\" role=\"region\" aria-labelledby=\"elementor-tab-title-1355\"><p><span style=\"font-family: arial, helvetica, sans-serif; font-size: 14pt;\">Gem\u00e4\u00df \u00a7 7 Absatz 2 der Heizkostenverordnung geh\u00f6ren zu den Kosten des Betriebs einer zentralen Heizungsanlage auch die Kosten der verbrauchten Brennstoffe und ihrer Lieferung.<\/span><\/p><p><span style=\"font-family: arial, helvetica, sans-serif; font-size: 14pt;\">Bei gasbetriebenen Anlagen ergeben sich die Kosten aus der Rechnung des Lieferanten. Anders bei \u00f6lbetriebenen Anlagen: Hier ergibt sich der Verbrauch aus der Differenz zwischen Anfangsbestand und Zulieferung abz\u00fcglich dem Endbestand.<\/span><\/p><p><span style=\"font-family: arial, helvetica, sans-serif; font-size: 14pt;\">Eine Sch\u00e4tzung des \u00d6lbestandes, ob zu Beginn oder zum Ende der Heizperiode, ist nicht zul\u00e4ssig. Au\u00dferdem sollte der Eigent\u00fcmer die Feststellung des Restbestandes m\u00f6glichst mit Zeugen durchf\u00fchren, da er den gemessenen Stand bei einer eventuellen gerichtlichen Auseinandersetzung ggf. beweisen muss.<\/span><\/p><p><span style=\"font-family: arial, helvetica, sans-serif; font-size: 14pt;\">Wenn der Eigent\u00fcmer den Tank immer genau zum Ende der Heizperiode f\u00fcllt, entspricht die zugetankte Menge exakt dem Verbrauch.<\/span><\/p><p><span style=\"font-family: arial, helvetica, sans-serif; font-size: 14pt;\"><em><u>Sehr oft wird der Fehler gemacht, dass f\u00fcr die Kosten des \u00d6lbestands pauschal der jeweils zuletzt bezahlte Preis eingesetzt wird, auch wenn sich der Bestand aus mehreren Lieferungen mit jeweils unterschiedlichen Preisen zusammensetzt.<\/u><\/em><\/span><\/p><p><span style=\"font-family: arial, helvetica, sans-serif; font-size: 14pt;\">Nach dem Grundsatz &#8222;First in &#8211; First out&#8220; wird das &#8222;\u00e4lteste&#8220; \u00d6l zuerst verrechnet. Der Preis je Liter f\u00fcr die verschiedenen rechnerisch vorhandenen Lieferungen wird einzeln ermittelt.<\/span><\/p><p><span style=\"font-family: arial, helvetica, sans-serif; font-size: 14pt;\">F\u00fcr Ihre rechtssichere Heiz- und (Warm) Wasserkostenabrechnung haben Sie die Pflicht, alle in den Abrechnungszeitraum fallenden Lieferungen mit Datum, Menge und Gesamtpreis aufzulisten.<\/span><\/p><p><span style=\"font-family: arial, helvetica, sans-serif; font-size: 14pt;\">Ihre Mieter m\u00fcssen Ihre Aufstellung gedanklich und rechnerisch nachvollziehen k\u00f6nnen. Bei der Berechnung der \u00d6lrestmenge gibt es zwei unterschiedliche M\u00f6glichkeiten:<\/span><\/p><p><span style=\"font-family: arial, helvetica, sans-serif; font-size: 14pt;\">1. Die Menge, die sich noch im Tank befindet ist kleiner, oder gleich der Menge der letzten \u00d6llieferung<\/span><\/p><p><span style=\"font-family: arial, helvetica, sans-serif; font-size: 14pt;\">2. Die Menge, die sich noch im Tank befindet ist gr\u00f6\u00dfer als die Menge der letzten \u00d6llieferung<\/span><\/p><\/div>\n\t\t\t\t<\/div>\n\t\t\t\t\t\t\t<div class=\"elementor-toggle-item\">\n\t\t\t\t\t<div id=\"elementor-tab-title-1356\" class=\"elementor-tab-title\" data-tab=\"6\" role=\"button\" aria-controls=\"elementor-tab-content-1356\" aria-expanded=\"false\">\n\t\t\t\t\t\t\t\t\t\t\t\t<span class=\"elementor-toggle-icon elementor-toggle-icon-left\" aria-hidden=\"true\">\n\t\t\t\t\t\t\t\t\t\t\t\t\t\t\t<span class=\"elementor-toggle-icon-closed\"><i class=\"fas fa-caret-right\"><\/i><\/span>\n\t\t\t\t\t\t\t\t<span class=\"elementor-toggle-icon-opened\"><i class=\"elementor-toggle-icon-opened fas fa-caret-up\"><\/i><\/span>\n\t\t\t\t\t\t\t\t\t\t\t\t\t<\/span>\n\t\t\t\t\t\t\t\t\t\t\t\t<a class=\"elementor-toggle-title\" tabindex=\"0\">Muss mein Vermieter mir die Unterlagen, die der Abrechnung zugrunde liegen zeigen? Wie lange habe ich Zeit, die Heizkosten oder Betriebskostenabrechnung zu pr\u00fcfen?<\/a>\n\t\t\t\t\t<\/div>\n\n\t\t\t\t\t<div id=\"elementor-tab-content-1356\" class=\"elementor-tab-content elementor-clearfix\" data-tab=\"6\" role=\"region\" aria-labelledby=\"elementor-tab-title-1356\"><p><span style=\"font-family: arial, helvetica, sans-serif; font-size: 14pt;\">Um Ihre Abrechnung zu pr\u00fcfen, haben Sie das Recht alle hierf\u00fcr erforderlichen Unterlagen einzusehen. (\u00a7 810 B\u00fcrgerliches Gesetzbuch &#8211; Einsicht in Urkunden).<\/span><\/p><p><span style=\"font-family: arial, helvetica, sans-serif; font-size: 14pt;\">Dieses Einsichtsrecht kann in den R\u00e4umen des Vermieters wahrgenommen werden, muss es aber nicht. Dies ist insbesondere dann nicht m\u00f6glich, wenn der Vermieter weit weg wohnt. Er wird Ihnen auch nicht die Originale zusenden, es gen\u00fcgen normalerweise Kopien, welche aber vom &#8222;Pr\u00fcfer&#8220; bezahlt werden m\u00fcssen. Die Kosten, die der Vermieter f\u00fcr Kopien verlangt, m\u00fcssen aber verh\u00e4ltnism\u00e4\u00dfig sein.<\/span><\/p><p><span style=\"font-family: arial, helvetica, sans-serif; font-size: 14pt;\">Gepr\u00fcft werden d\u00fcrfen nicht nur die Rechnungen, sondern alle f\u00fcr die Abrechnung relevante Unterlagen und Daten &#8211; auch die der anderen Parteien. Diese Informationen d\u00fcrfen nicht mit der Begr\u00fcndung des Datenschutzes vorenthalten werden.<\/span><\/p><p><span style=\"font-family: arial, helvetica, sans-serif; font-size: 14pt;\">Verweigert der Geb\u00e4udeeigent\u00fcmer oder eine ihm gleichgestellte Person die Einsicht und erm\u00f6glicht er dem Nutzer die \u00dcberpr\u00fcfung damit nicht, tritt die F\u00e4lligkeit der Abrechnung nicht ein. Diese h\u00e4ngt vom Verstreichen einer Pr\u00fcfungsfrist ab, die normalerweise ca. 2 &#8211; 4 Wochen betr\u00e4gt, im Einzelfall aufgrund bestimmter Gegebenheiten aber auch l\u00e4nger sein kann.<\/span><\/p><\/div>\n\t\t\t\t<\/div>\n\t\t\t\t\t\t\t\t<\/div>\n\t\t\t\t\t\t<\/div>\n\t\t\t\t<\/div>\n\t\t\t\t\t<\/div>\n\t\t<\/div>\n\t\t\t\t\t<\/div>\n\t\t<\/section>\n\t\t\t\t<\/div>\n\t\t","protected":false},"excerpt":{"rendered":"<p>Warum verbrauchsabh\u00e4ngig abrechnen?Bis zu 90 % der in den Haushalten verbrauchten Energie entfallen auf Heizung und Warmwasser. Bei steigenden Energiekosten hat dies einen gro\u00dfen Einfluss auf die Wohnkosten. Nach der Heizkostenverordnung\u00a0m\u00fcssen Heiz- und Warmwasserkosten nach dem \u201eVerursacherprinzip\u201c abgerechnet werden: Der Nutzer soll nur die Kosten\u00a0 bezahlen, die tats\u00e4chlich auf ihn entfallen. In den Wohnungen ermitteln [&hellip;]<\/p>\n","protected":false},"author":1,"featured_media":0,"parent":0,"menu_order":0,"comment_status":"closed","ping_status":"closed","template":"","meta":{"ocean_post_layout":"full-width","ocean_both_sidebars_style":"","ocean_both_sidebars_content_width":0,"ocean_both_sidebars_sidebars_width":0,"ocean_sidebar":"0","ocean_second_sidebar":"0","ocean_disable_margins":"enable","ocean_add_body_class":"","ocean_shortcode_before_top_bar":"","ocean_shortcode_after_top_bar":"","ocean_shortcode_before_header":"","ocean_shortcode_after_header":"","ocean_has_shortcode":"","ocean_shortcode_after_title":"","ocean_shortcode_before_footer_widgets":"","ocean_shortcode_after_footer_widgets":"","ocean_shortcode_before_footer_bottom":"","ocean_shortcode_after_footer_bottom":"","ocean_display_top_bar":"default","ocean_display_header":"default","ocean_header_style":"","ocean_center_header_left_menu":"0","ocean_custom_header_template":"0","ocean_custom_logo":0,"ocean_custom_retina_logo":0,"ocean_custom_logo_max_width":0,"ocean_custom_logo_tablet_max_width":0,"ocean_custom_logo_mobile_max_width":0,"ocean_custom_logo_max_height":0,"ocean_custom_logo_tablet_max_height":0,"ocean_custom_logo_mobile_max_height":0,"ocean_header_custom_menu":"0","ocean_menu_typo_font_family":"0","ocean_menu_typo_font_subset":"","ocean_menu_typo_font_size":0,"ocean_menu_typo_font_size_tablet":0,"ocean_menu_typo_font_size_mobile":0,"ocean_menu_typo_font_size_unit":"px","ocean_menu_typo_font_weight":"","ocean_menu_typo_font_weight_tablet":"","ocean_menu_typo_font_weight_mobile":"","ocean_menu_typo_transform":"","ocean_menu_typo_transform_tablet":"","ocean_menu_typo_transform_mobile":"","ocean_menu_typo_line_height":0,"ocean_menu_typo_line_height_tablet":0,"ocean_menu_typo_line_height_mobile":0,"ocean_menu_typo_line_height_unit":"","ocean_menu_typo_spacing":0,"ocean_menu_typo_spacing_tablet":0,"ocean_menu_typo_spacing_mobile":0,"ocean_menu_typo_spacing_unit":"","ocean_menu_link_color":"","ocean_menu_link_color_hover":"","ocean_menu_link_color_active":"","ocean_menu_link_background":"","ocean_menu_link_hover_background":"","ocean_menu_link_active_background":"","ocean_menu_social_links_bg":"","ocean_menu_social_hover_links_bg":"","ocean_menu_social_links_color":"","ocean_menu_social_hover_links_color":"","ocean_disable_title":"default","ocean_disable_heading":"default","ocean_post_title":"","ocean_post_subheading":"","ocean_post_title_style":"","ocean_post_title_background_color":"","ocean_post_title_background":0,"ocean_post_title_bg_image_position":"","ocean_post_title_bg_image_attachment":"","ocean_post_title_bg_image_repeat":"","ocean_post_title_bg_image_size":"","ocean_post_title_height":0,"ocean_post_title_bg_overlay":0.5,"ocean_post_title_bg_overlay_color":"","ocean_disable_breadcrumbs":"default","ocean_breadcrumbs_color":"","ocean_breadcrumbs_separator_color":"","ocean_breadcrumbs_links_color":"","ocean_breadcrumbs_links_hover_color":"","ocean_display_footer_widgets":"default","ocean_display_footer_bottom":"default","ocean_custom_footer_template":"0","footnotes":""},"class_list":["post-93","page","type-page","status-publish","hentry","entry"],"_links":{"self":[{"href":"https:\/\/fischer-messtechnik-2000.de\/index.php\/wp-json\/wp\/v2\/pages\/93","targetHints":{"allow":["GET"]}}],"collection":[{"href":"https:\/\/fischer-messtechnik-2000.de\/index.php\/wp-json\/wp\/v2\/pages"}],"about":[{"href":"https:\/\/fischer-messtechnik-2000.de\/index.php\/wp-json\/wp\/v2\/types\/page"}],"author":[{"embeddable":true,"href":"https:\/\/fischer-messtechnik-2000.de\/index.php\/wp-json\/wp\/v2\/users\/1"}],"replies":[{"embeddable":true,"href":"https:\/\/fischer-messtechnik-2000.de\/index.php\/wp-json\/wp\/v2\/comments?post=93"}],"version-history":[{"count":17,"href":"https:\/\/fischer-messtechnik-2000.de\/index.php\/wp-json\/wp\/v2\/pages\/93\/revisions"}],"predecessor-version":[{"id":677,"href":"https:\/\/fischer-messtechnik-2000.de\/index.php\/wp-json\/wp\/v2\/pages\/93\/revisions\/677"}],"wp:attachment":[{"href":"https:\/\/fischer-messtechnik-2000.de\/index.php\/wp-json\/wp\/v2\/media?parent=93"}],"curies":[{"name":"wp","href":"https:\/\/api.w.org\/{rel}","templated":true}]}}